{"id":127,"date":"2020-02-21T07:05:44","date_gmt":"2020-02-21T06:05:44","guid":{"rendered":"https:\/\/conceptpaysagedurevermont.fr\/?page_id=127"},"modified":"2020-04-10T14:52:36","modified_gmt":"2020-04-10T12:52:36","slug":"accueil-2","status":"publish","type":"page","link":"https:\/\/conceptpaysagedurevermont.fr\/","title":{"rendered":"Accueil"},"content":{"rendered":"[vc_row type=\u00a0\u00bbin_container\u00a0\u00bb full_screen_row_position=\u00a0\u00bbmiddle\u00a0\u00bb scene_position=\u00a0\u00bbcenter\u00a0\u00bb text_color=\u00a0\u00bbdark\u00a0\u00bb text_align=\u00a0\u00bbleft\u00a0\u00bb overlay_strength=\u00a0\u00bb0.3&Prime;][vc_column column_padding=\u00a0\u00bbno-extra-padding\u00a0\u00bb column_padding_position=\u00a0\u00bball\u00a0\u00bb background_color_opacity=\u00a0\u00bb1&Prime; background_hover_color_opacity=\u00a0\u00bb1&Prime; column_shadow=\u00a0\u00bbnone\u00a0\u00bb tablet_text_alignment=\u00a0\u00bbdefault\u00a0\u00bb phone_text_alignment=\u00a0\u00bbdefault\u00a0\u00bb column_border_width=\u00a0\u00bbnone\u00a0\u00bb column_border_style=\u00a0\u00bbsolid\u00a0\u00bb][vc_custom_heading text=\u00a0\u00bbBienvenue\u00a0\u00bb font_container=\u00a0\u00bbtag:h2|text_align:left|color:%239cc33b\u00a0\u00bb use_theme_fonts=\u00a0\u00bbyes\u00a0\u00bb][vc_column_text]Nous mettons notre savoir-faire \u00e0 votre service pour l&rsquo;am\u00e9nagement et l&#8217;embellissement de vos espaces ext\u00e9rieurs dans le Jura.<br \/>\n<strong>Notre sp\u00e9cialit\u00e9 : Les rev\u00eatements de sols en r\u00e9sine<\/strong><br \/>\nPour vos all\u00e9es de jardin, all\u00e9es de garage, am\u00e9nagement de cours, emplacements de stationnement, terrasses, piscines, aires de jeux, etc.. notre soci\u00e9t\u00e9 r\u00e9pond \u00e0 toutes vos exigences de protection et de d\u00e9coration pour tous les rev\u00eatements de sols ext\u00e9rieurs.<\/p>\n<p><strong>Nouveaut\u00e9<\/strong>\u00a0! <strong>Bassins de baignade \u00ab\u00a0style Lagon\u00a0\u00bb&#8230;<\/strong><\/p>\n<p>Venez d\u00e9couvrir notre showroom de plus de 400m2!![\/vc_column_text][vc_row_inner column_margin=\u00a0\u00bbdefault\u00a0\u00bb text_align=\u00a0\u00bbleft\u00a0\u00bb][vc_column_inner column_padding=\u00a0\u00bbno-extra-padding\u00a0\u00bb column_padding_position=\u00a0\u00bball\u00a0\u00bb background_color_opacity=\u00a0\u00bb1&Prime; column_border_width=\u00a0\u00bbnone\u00a0\u00bb column_border_style=\u00a0\u00bbsolid\u00a0\u00bb][vc_single_image image=\u00a0\u00bb133&Prime; img_size=\u00a0\u00bblarge\u00a0\u00bb alignment=\u00a0\u00bbcenter\u00a0\u00bb][\/vc_column_inner][\/vc_row_inner][\/vc_column][\/vc_row][vc_row type=\u00a0\u00bbin_container\u00a0\u00bb full_screen_row_position=\u00a0\u00bbmiddle\u00a0\u00bb scene_position=\u00a0\u00bbcenter\u00a0\u00bb text_color=\u00a0\u00bbdark\u00a0\u00bb text_align=\u00a0\u00bbleft\u00a0\u00bb overlay_strength=\u00a0\u00bb0.3&Prime;][vc_column column_padding=\u00a0\u00bbno-extra-padding\u00a0\u00bb column_padding_position=\u00a0\u00bball\u00a0\u00bb background_color_opacity=\u00a0\u00bb1&Prime; background_hover_color_opacity=\u00a0\u00bb1&Prime; column_shadow=\u00a0\u00bbnone\u00a0\u00bb tablet_text_alignment=\u00a0\u00bbdefault\u00a0\u00bb phone_text_alignment=\u00a0\u00bbdefault\u00a0\u00bb column_border_width=\u00a0\u00bbnone\u00a0\u00bb column_border_style=\u00a0\u00bbsolid\u00a0\u00bb][vc_empty_space height=\u00a0\u00bb45px\u00a0\u00bb][vc_custom_heading text=\u00a0\u00bbA votre service !\u00a0\u00bb font_container=\u00a0\u00bbtag:h2|text_align:left|color:%239cc33b\u00a0\u00bb use_theme_fonts=\u00a0\u00bbyes\u00a0\u00bb][vc_column_text]De la conception de votre projet \u00e0\u00a0la r\u00e9alisation : nous vous conseillons lors de l&rsquo;\u00e9laboration de votre projet au support de la projection 3D, puis nous\u00a0vous accompagnons et \u00e9changeons tout au long de la r\u00e9alisation.<\/p>\n<p>Rendez-vous sur le d\u00e9tail de <a href=\"https:\/\/conceptpaysagedurevermont.fr\/?page_id=13\">nos r\u00e9alisations<\/a> pour plus d&rsquo;informations sur le travail de nos \u00e9quipes ![\/vc_column_text][vc_empty_space height=\u00a0\u00bb45px\u00a0\u00bb][\/vc_column][\/vc_row][vc_row type=\u00a0\u00bbin_container\u00a0\u00bb full_screen_row_position=\u00a0\u00bbmiddle\u00a0\u00bb scene_position=\u00a0\u00bbcenter\u00a0\u00bb text_color=\u00a0\u00bbdark\u00a0\u00bb text_align=\u00a0\u00bbleft\u00a0\u00bb overlay_strength=\u00a0\u00bb0.3&Prime;][vc_column width=\u00a0\u00bb1\/2&Prime; column_padding=\u00a0\u00bbno-extra-padding\u00a0\u00bb column_padding_position=\u00a0\u00bball\u00a0\u00bb background_color_opacity=\u00a0\u00bb1&Prime; background_hover_color_opacity=\u00a0\u00bb1&Prime; column_shadow=\u00a0\u00bbnone\u00a0\u00bb tablet_text_alignment=\u00a0\u00bbdefault\u00a0\u00bb phone_text_alignment=\u00a0\u00bbdefault\u00a0\u00bb column_border_width=\u00a0\u00bbnone\u00a0\u00bb column_border_style=\u00a0\u00bbsolid\u00a0\u00bb][vc_text_separator title=\u00a0\u00bbEntretien de vos espaces verts\u00a0\u00bb color=\u00a0\u00bbcustom\u00a0\u00bb accent_color=\u00a0\u00bb#5a9e31&Prime;][vc_column_text]\n<ul>\n<li>Elagage toutes hauteurs<\/li>\n<li>B\u00e2ches de plantation<\/li>\n<li>Abattage<\/li>\n<li>Taille de haie<\/li>\n<li>Plantation\u00a0d&rsquo;arbres, arbustes etc &#8230;,<\/li>\n<li>Engazonnement &#8230;<\/li>\n<li>R\u00e9alisation de toutes sortes de massifs<\/li>\n<li>Am\u00e9nagements paysagers<\/li>\n<\/ul>\n[\/vc_column_text][vc_row_inner gap=\u00a0\u00bb5&Prime; column_margin=\u00a0\u00bbdefault\u00a0\u00bb text_align=\u00a0\u00bbleft\u00a0\u00bb][vc_column_inner column_padding=\u00a0\u00bbno-extra-padding\u00a0\u00bb column_padding_position=\u00a0\u00bball\u00a0\u00bb background_color_opacity=\u00a0\u00bb1&Prime; column_border_width=\u00a0\u00bbnone\u00a0\u00bb column_border_style=\u00a0\u00bbsolid\u00a0\u00bb][vc_empty_space height=\u00a0\u00bb5px\u00a0\u00bb][vc_single_image image=\u00a0\u00bb182&Prime; img_size=\u00a0\u00bblarge\u00a0\u00bb][\/vc_column_inner][\/vc_row_inner][\/vc_column][vc_column width=\u00a0\u00bb1\/2&Prime; column_padding=\u00a0\u00bbno-extra-padding\u00a0\u00bb column_padding_position=\u00a0\u00bball\u00a0\u00bb background_color_opacity=\u00a0\u00bb1&Prime; background_hover_color_opacity=\u00a0\u00bb1&Prime; column_shadow=\u00a0\u00bbnone\u00a0\u00bb tablet_text_alignment=\u00a0\u00bbdefault\u00a0\u00bb phone_text_alignment=\u00a0\u00bbdefault\u00a0\u00bb column_border_width=\u00a0\u00bbnone\u00a0\u00bb column_border_style=\u00a0\u00bbsolid\u00a0\u00bb][vc_text_separator title=\u00a0\u00bbAm\u00e9nagements Ext\u00e9rieurs\u00a0\u00bb color=\u00a0\u00bbcustom\u00a0\u00bb accent_color=\u00a0\u00bb#5a9e31&Prime;][vc_column_text]\n<ul>\n<li>Terrasses (bois, composite, carrelage sur plots, dalles, b\u00e9ton d\u00e9sactiv\u00e9, pav\u00e9s etc&#8230;)<\/li>\n<li>Terrassement &amp; Am\u00e9nagement de vos cours , all\u00e9es, trottoirs &#8230;<\/li>\n<li>Nid d&rsquo;abeilles, nid d&rsquo;agravel<\/li>\n<li>Pose de portails<\/li>\n<li>Toutes r\u00e9alisations de cl\u00f4tures ( murets, panneaux rigides, souples, composite, alu, pvc etc&#8230; )<\/li>\n<li>R\u00e9alisation de piscines cl\u00e9 en mains<\/li>\n<li>Pose d&rsquo;enrochements, gabions &#8230;<\/li>\n<li>R\u00e9alisation de bassins de baignade \u00ab\u00a0style lagon\u00a0\u00bb<\/li>\n<\/ul>\n[\/vc_column_text][vc_row_inner gap=\u00a0\u00bb5&Prime; column_margin=\u00a0\u00bbdefault\u00a0\u00bb text_align=\u00a0\u00bbleft\u00a0\u00bb][vc_column_inner column_padding=\u00a0\u00bbno-extra-padding\u00a0\u00bb column_padding_position=\u00a0\u00bball\u00a0\u00bb background_color_opacity=\u00a0\u00bb1&Prime; column_border_width=\u00a0\u00bbnone\u00a0\u00bb column_border_style=\u00a0\u00bbsolid\u00a0\u00bb][vc_empty_space height=\u00a0\u00bb5px\u00a0\u00bb][vc_single_image image=\u00a0\u00bb131&Prime; img_size=\u00a0\u00bblarge\u00a0\u00bb alignment=\u00a0\u00bbcenter\u00a0\u00bb][\/vc_column_inner][\/vc_row_inner][\/vc_column][\/vc_row][vc_row type=\u00a0\u00bbin_container\u00a0\u00bb full_screen_row_position=\u00a0\u00bbmiddle\u00a0\u00bb scene_position=\u00a0\u00bbcenter\u00a0\u00bb text_color=\u00a0\u00bbdark\u00a0\u00bb text_align=\u00a0\u00bbleft\u00a0\u00bb overlay_strength=\u00a0\u00bb0.3&Prime;][vc_column column_padding=\u00a0\u00bbno-extra-padding\u00a0\u00bb column_padding_position=\u00a0\u00bball\u00a0\u00bb background_color_opacity=\u00a0\u00bb1&Prime; background_hover_color_opacity=\u00a0\u00bb1&Prime; column_shadow=\u00a0\u00bbnone\u00a0\u00bb tablet_text_alignment=\u00a0\u00bbdefault\u00a0\u00bb phone_text_alignment=\u00a0\u00bbdefault\u00a0\u00bb column_border_width=\u00a0\u00bbnone\u00a0\u00bb column_border_style=\u00a0\u00bbsolid\u00a0\u00bb][vc_empty_space][\/vc_column][\/vc_row][vc_row type=\u00a0\u00bbin_container\u00a0\u00bb full_screen_row_position=\u00a0\u00bbmiddle\u00a0\u00bb scene_position=\u00a0\u00bbcenter\u00a0\u00bb text_color=\u00a0\u00bbdark\u00a0\u00bb text_align=\u00a0\u00bbleft\u00a0\u00bb overlay_strength=\u00a0\u00bb0.3&Prime;][vc_column width=\u00a0\u00bb1\/3&Prime; column_padding=\u00a0\u00bbno-extra-padding\u00a0\u00bb column_padding_position=\u00a0\u00bball\u00a0\u00bb background_color_opacity=\u00a0\u00bb1&Prime; background_hover_color_opacity=\u00a0\u00bb1&Prime; column_shadow=\u00a0\u00bbnone\u00a0\u00bb tablet_text_alignment=\u00a0\u00bbdefault\u00a0\u00bb phone_text_alignment=\u00a0\u00bbdefault\u00a0\u00bb column_border_width=\u00a0\u00bbnone\u00a0\u00bb column_border_style=\u00a0\u00bbsolid\u00a0\u00bb][vc_custom_heading text=\u00a0\u00bbRejoignez-nous sur Facebook\u00a0\u00bb font_container=\u00a0\u00bbtag:h2|text_align:left|color:%239cc33b\u00a0\u00bb use_theme_fonts=\u00a0\u00bbyes\u00a0\u00bb][\/vc_column][vc_column width=\u00a0\u00bb2\/3&Prime;][vc_column_text]<div class=\"nectar-social  hide-share-count items_1\"><a class='facebook-share nectar-sharing' href='#' title='Share this'> <i class='fa fa-facebook'><\/i> <span class='count'><\/span><\/a><\/div>[\/vc_column_text][\/vc_column][\/vc_row][vc_row type=\u00a0\u00bbin_container\u00a0\u00bb full_screen_row_position=\u00a0\u00bbmiddle\u00a0\u00bb scene_position=\u00a0\u00bbcenter\u00a0\u00bb text_color=\u00a0\u00bbdark\u00a0\u00bb text_align=\u00a0\u00bbleft\u00a0\u00bb overlay_strength=\u00a0\u00bb0.3&Prime;][vc_column column_padding=\u00a0\u00bbno-extra-padding\u00a0\u00bb column_padding_position=\u00a0\u00bball\u00a0\u00bb background_color_opacity=\u00a0\u00bb1&Prime; background_hover_color_opacity=\u00a0\u00bb1&Prime; column_shadow=\u00a0\u00bbnone\u00a0\u00bb tablet_text_alignment=\u00a0\u00bbdefault\u00a0\u00bb phone_text_alignment=\u00a0\u00bbdefault\u00a0\u00bb column_border_width=\u00a0\u00bbnone\u00a0\u00bb column_border_style=\u00a0\u00bbsolid\u00a0\u00bb][vc_empty_space height=\u00a0\u00bb7px\u00a0\u00bb][\/vc_column][\/vc_row]\n","protected":false},"excerpt":{"rendered":"<p>[vc_row type=\u00a0\u00bbin_container\u00a0\u00bb full_screen_row_position=\u00a0\u00bbmiddle\u00a0\u00bb scene_position=\u00a0\u00bbcenter\u00a0\u00bb text_color=\u00a0\u00bbdark\u00a0\u00bb text_align=\u00a0\u00bbleft\u00a0\u00bb overlay_strength=\u00a0\u00bb0.3&Prime;][vc_column column_padding=\u00a0\u00bbno-extra-padding\u00a0\u00bb column_padding_position=\u00a0\u00bball\u00a0\u00bb background_color_opacity=\u00a0\u00bb1&Prime; background_hover_color_opacity=\u00a0\u00bb1&Prime; column_shadow=\u00a0\u00bbnone\u00a0\u00bb tablet_text_alignment=\u00a0\u00bbdefault\u00a0\u00bb phone_text_alignment=\u00a0\u00bbdefault\u00a0\u00bb column_border_width=\u00a0\u00bbnone\u00a0\u00bb column_border_style=\u00a0\u00bbsolid\u00a0\u00bb][vc_custom_heading text=\u00a0\u00bbBienvenue\u00a0\u00bb font_container=\u00a0\u00bbtag:h2|text_align:left|color:%239cc33b\u00a0\u00bb use_theme_fonts=\u00a0\u00bbyes\u00a0\u00bb][vc_column_text]Nous mettons notre savoir-faire \u00e0 votre service pour l&rsquo;am\u00e9nagement et l&#8217;embellissement de&#8230;<\/p>\n","protected":false},"author":1,"featured_media":0,"parent":0,"menu_order":0,"comment_status":"closed","ping_status":"closed","template":"template-home-4.php","meta":{"_mi_skip_tracking":false,"_monsterinsights_sitenote_active":false,"_monsterinsights_sitenote_note":"","_monsterinsights_sitenote_category":0},"yoast_head":"<!-- This site is optimized with the Yoast SEO plugin v20.10 - https:\/\/yoast.com\/wordpress\/plugins\/seo\/ -->\n<title>Accueil - Concept paysage du Revermont<\/title>\n<meta name=\"description\" content=\"Sp\u00e9cialiste de vos am\u00e9nagements et espaces ext\u00e9rieurs dans le Jura : all\u00e9es de jardin et de garage, am\u00e9nagement de cours, terrasse, pergola, et rev\u00eatements de sols .\" \/>\n<meta name=\"robots\" content=\"index, follow, max-snippet:-1, max-image-preview:large, max-video-preview:-1\" \/>\n<link rel=\"canonical\" href=\"https:\/\/conceptpaysagedurevermont.fr\/\" \/>\n<meta property=\"og:locale\" content=\"fr_FR\" \/>\n<meta property=\"og:type\" content=\"article\" \/>\n<meta property=\"og:title\" content=\"Accueil - Concept paysage du Revermont\" \/>\n<meta property=\"og:description\" content=\"Sp\u00e9cialiste de vos am\u00e9nagements et espaces ext\u00e9rieurs dans le Jura : all\u00e9es de jardin et de garage, am\u00e9nagement de cours, terrasse, pergola, et rev\u00eatements de sols .\" \/>\n<meta property=\"og:url\" content=\"https:\/\/conceptpaysagedurevermont.fr\/\" \/>\n<meta property=\"og:site_name\" content=\"Concept paysage du Revermont\" \/>\n<meta property=\"article:modified_time\" content=\"2020-04-10T12:52:36+00:00\" \/>\n<meta name=\"twitter:card\" content=\"summary_large_image\" \/>\n<meta name=\"twitter:label1\" content=\"Dur\u00e9e de lecture estim\u00e9e\" \/>\n\t<meta name=\"twitter:data1\" content=\"5 minutes\" \/>\n<script type=\"application\/ld+json\" class=\"yoast-schema-graph\">{\"@context\":\"https:\/\/schema.org\",\"@graph\":[{\"@type\":\"WebPage\",\"@id\":\"https:\/\/conceptpaysagedurevermont.fr\/\",\"url\":\"https:\/\/conceptpaysagedurevermont.fr\/\",\"name\":\"Accueil - Concept paysage du Revermont\",\"isPartOf\":{\"@id\":\"https:\/\/conceptpaysagedurevermont.fr\/#website\"},\"datePublished\":\"2020-02-21T06:05:44+00:00\",\"dateModified\":\"2020-04-10T12:52:36+00:00\",\"description\":\"Sp\u00e9cialiste de vos am\u00e9nagements et espaces ext\u00e9rieurs dans le Jura : all\u00e9es de jardin et de garage, am\u00e9nagement de cours, terrasse, pergola, et rev\u00eatements de sols .\",\"breadcrumb\":{\"@id\":\"https:\/\/conceptpaysagedurevermont.fr\/#breadcrumb\"},\"inLanguage\":\"fr-FR\",\"potentialAction\":[{\"@type\":\"ReadAction\",\"target\":[\"https:\/\/conceptpaysagedurevermont.fr\/\"]}]},{\"@type\":\"BreadcrumbList\",\"@id\":\"https:\/\/conceptpaysagedurevermont.fr\/#breadcrumb\",\"itemListElement\":[{\"@type\":\"ListItem\",\"position\":1,\"name\":\"Accueil\",\"item\":\"https:\/\/conceptpaysagedurevermont.fr\/\"},{\"@type\":\"ListItem\",\"position\":2,\"name\":\"Accueil\"}]},{\"@type\":\"WebSite\",\"@id\":\"https:\/\/conceptpaysagedurevermont.fr\/#website\",\"url\":\"https:\/\/conceptpaysagedurevermont.fr\/\",\"name\":\"Concept paysage du Revermont\",\"description\":\"Am\u00e9nagement ext\u00e9rieur\",\"potentialAction\":[{\"@type\":\"SearchAction\",\"target\":{\"@type\":\"EntryPoint\",\"urlTemplate\":\"https:\/\/conceptpaysagedurevermont.fr\/?s={search_term_string}\"},\"query-input\":\"required name=search_term_string\"}],\"inLanguage\":\"fr-FR\"}]}<\/script>\n<!-- \/ Yoast SEO plugin. -->","yoast_head_json":{"title":"Accueil - Concept paysage du Revermont","description":"Sp\u00e9cialiste de vos am\u00e9nagements et espaces ext\u00e9rieurs dans le Jura : all\u00e9es de jardin et de garage, am\u00e9nagement de cours, terrasse, pergola, et rev\u00eatements de sols .","robots":{"index":"index","follow":"follow","max-snippet":"max-snippet:-1","max-image-preview":"max-image-preview:large","max-video-preview":"max-video-preview:-1"},"canonical":"https:\/\/conceptpaysagedurevermont.fr\/","og_locale":"fr_FR","og_type":"article","og_title":"Accueil - Concept paysage du Revermont","og_description":"Sp\u00e9cialiste de vos am\u00e9nagements et espaces ext\u00e9rieurs dans le Jura : all\u00e9es de jardin et de garage, am\u00e9nagement de cours, terrasse, pergola, et rev\u00eatements de sols .","og_url":"https:\/\/conceptpaysagedurevermont.fr\/","og_site_name":"Concept paysage du Revermont","article_modified_time":"2020-04-10T12:52:36+00:00","twitter_card":"summary_large_image","twitter_misc":{"Dur\u00e9e de lecture estim\u00e9e":"5 minutes"},"schema":{"@context":"https:\/\/schema.org","@graph":[{"@type":"WebPage","@id":"https:\/\/conceptpaysagedurevermont.fr\/","url":"https:\/\/conceptpaysagedurevermont.fr\/","name":"Accueil - Concept paysage du Revermont","isPartOf":{"@id":"https:\/\/conceptpaysagedurevermont.fr\/#website"},"datePublished":"2020-02-21T06:05:44+00:00","dateModified":"2020-04-10T12:52:36+00:00","description":"Sp\u00e9cialiste de vos am\u00e9nagements et espaces ext\u00e9rieurs dans le Jura : all\u00e9es de jardin et de garage, am\u00e9nagement de cours, terrasse, pergola, et rev\u00eatements de sols .","breadcrumb":{"@id":"https:\/\/conceptpaysagedurevermont.fr\/#breadcrumb"},"inLanguage":"fr-FR","potentialAction":[{"@type":"ReadAction","target":["https:\/\/conceptpaysagedurevermont.fr\/"]}]},{"@type":"BreadcrumbList","@id":"https:\/\/conceptpaysagedurevermont.fr\/#breadcrumb","itemListElement":[{"@type":"ListItem","position":1,"name":"Accueil","item":"https:\/\/conceptpaysagedurevermont.fr\/"},{"@type":"ListItem","position":2,"name":"Accueil"}]},{"@type":"WebSite","@id":"https:\/\/conceptpaysagedurevermont.fr\/#website","url":"https:\/\/conceptpaysagedurevermont.fr\/","name":"Concept paysage du Revermont","description":"Am\u00e9nagement ext\u00e9rieur","potentialAction":[{"@type":"SearchAction","target":{"@type":"EntryPoint","urlTemplate":"https:\/\/conceptpaysagedurevermont.fr\/?s={search_term_string}"},"query-input":"required name=search_term_string"}],"inLanguage":"fr-FR"}]}},"_links":{"self":[{"href":"https:\/\/conceptpaysagedurevermont.fr\/index.php?rest_route=\/wp\/v2\/pages\/127"}],"collection":[{"href":"https:\/\/conceptpaysagedurevermont.fr\/index.php?rest_route=\/wp\/v2\/pages"}],"about":[{"href":"https:\/\/conceptpaysagedurevermont.fr\/index.php?rest_route=\/wp\/v2\/types\/page"}],"author":[{"embeddable":true,"href":"https:\/\/conceptpaysagedurevermont.fr\/index.php?rest_route=\/wp\/v2\/users\/1"}],"replies":[{"embeddable":true,"href":"https:\/\/conceptpaysagedurevermont.fr\/index.php?rest_route=%2Fwp%2Fv2%2Fcomments&post=127"}],"version-history":[{"count":23,"href":"https:\/\/conceptpaysagedurevermont.fr\/index.php?rest_route=\/wp\/v2\/pages\/127\/revisions"}],"predecessor-version":[{"id":185,"href":"https:\/\/conceptpaysagedurevermont.fr\/index.php?rest_route=\/wp\/v2\/pages\/127\/revisions\/185"}],"wp:attachment":[{"href":"https:\/\/conceptpaysagedurevermont.fr\/index.php?rest_route=%2Fwp%2Fv2%2Fmedia&parent=127"}],"curies":[{"name":"wp","href":"https:\/\/api.w.org\/{rel}","templated":true}]}}