{"id":13,"date":"2018-01-11T17:39:55","date_gmt":"2018-01-11T16:39:55","guid":{"rendered":"http:\/\/conceptpaysagedurevermont.fr\/?page_id=13"},"modified":"2020-02-21T07:18:19","modified_gmt":"2020-02-21T06:18:19","slug":"nos-realisations","status":"publish","type":"page","link":"https:\/\/conceptpaysagedurevermont.fr\/?page_id=13","title":{"rendered":"Nos r\u00e9alisations"},"content":{"rendered":"[vc_row type=\u00a0\u00bbin_container\u00a0\u00bb full_screen_row_position=\u00a0\u00bbmiddle\u00a0\u00bb scene_position=\u00a0\u00bbcenter\u00a0\u00bb text_color=\u00a0\u00bbdark\u00a0\u00bb text_align=\u00a0\u00bbleft\u00a0\u00bb overlay_strength=\u00a0\u00bb0.3&Prime;][vc_column column_padding=\u00a0\u00bbno-extra-padding\u00a0\u00bb column_padding_position=\u00a0\u00bball\u00a0\u00bb background_color_opacity=\u00a0\u00bb1&Prime; background_hover_color_opacity=\u00a0\u00bb1&Prime; column_shadow=\u00a0\u00bbnone\u00a0\u00bb tablet_text_alignment=\u00a0\u00bbdefault\u00a0\u00bb phone_text_alignment=\u00a0\u00bbdefault\u00a0\u00bb column_border_width=\u00a0\u00bbnone\u00a0\u00bb column_border_style=\u00a0\u00bbsolid\u00a0\u00bb][vc_custom_heading text=\u00a0\u00bbNos r\u00e9alisations\u00a0\u00bb font_container=\u00a0\u00bbtag:h1|font_size:30|text_align:left|color:%239cc33b\u00a0\u00bb use_theme_fonts=\u00a0\u00bbyes\u00a0\u00bb][\/vc_column][\/vc_row][vc_row type=\u00a0\u00bbin_container\u00a0\u00bb full_screen_row_position=\u00a0\u00bbmiddle\u00a0\u00bb scene_position=\u00a0\u00bbcenter\u00a0\u00bb text_color=\u00a0\u00bbdark\u00a0\u00bb text_align=\u00a0\u00bbleft\u00a0\u00bb overlay_strength=\u00a0\u00bb0.3&Prime;][vc_column column_padding=\u00a0\u00bbno-extra-padding\u00a0\u00bb column_padding_position=\u00a0\u00bball\u00a0\u00bb background_color_opacity=\u00a0\u00bb1&Prime; background_hover_color_opacity=\u00a0\u00bb1&Prime; column_shadow=\u00a0\u00bbnone\u00a0\u00bb tablet_text_alignment=\u00a0\u00bbdefault\u00a0\u00bb phone_text_alignment=\u00a0\u00bbdefault\u00a0\u00bb column_border_width=\u00a0\u00bbnone\u00a0\u00bb column_border_style=\u00a0\u00bbsolid\u00a0\u00bb][\/vc_column][\/vc_row][vc_row type=\u00a0\u00bbin_container\u00a0\u00bb full_screen_row_position=\u00a0\u00bbmiddle\u00a0\u00bb scene_position=\u00a0\u00bbcenter\u00a0\u00bb text_color=\u00a0\u00bbdark\u00a0\u00bb text_align=\u00a0\u00bbleft\u00a0\u00bb overlay_strength=\u00a0\u00bb0.3&Prime;][vc_column column_padding=\u00a0\u00bbno-extra-padding\u00a0\u00bb column_padding_position=\u00a0\u00bball\u00a0\u00bb background_color_opacity=\u00a0\u00bb1&Prime; background_hover_color_opacity=\u00a0\u00bb1&Prime; column_shadow=\u00a0\u00bbnone\u00a0\u00bb tablet_text_alignment=\u00a0\u00bbdefault\u00a0\u00bb phone_text_alignment=\u00a0\u00bbdefault\u00a0\u00bb column_border_width=\u00a0\u00bbnone\u00a0\u00bb column_border_style=\u00a0\u00bbsolid\u00a0\u00bb][vc_column_text]Nos \u00e9quipes sont \u00e0 votre \u00e9coute pour mettre leur savoir-faire et leur expertise au service de votre projet d&rsquo;<strong>am\u00e9nagement ext\u00e9rieur<\/strong> :<\/p>\n<p>Nos projets sont vari\u00e9s : <strong>cr\u00e9ation d&rsquo;all\u00e9es de garage<\/strong>, all\u00e9es de jardin, terrasses et piscines, cours, pergolas et portails dans le <strong>Jura<\/strong>.\u00a0Nous intervenons aussi dans la cr\u00e9ation de massifs, l&rsquo;<strong>\u00e9lagage<\/strong> et divers <strong>am\u00e9nagements paysagers<\/strong>.<\/p>\n<p>Retrouvez le d\u00e9tail de nos <a href=\"https:\/\/conceptpaysagedurevermont.fr\/?page_id=15\" target=\"_blank\" rel=\"noopener noreferrer\">zones d&rsquo;intervention<\/a> aux alentours de Lons-le-Saunier, Cousance, Saint-Amour et dans le Jura.[\/vc_column_text][\/vc_column][\/vc_row][vc_row type=\u00a0\u00bbin_container\u00a0\u00bb full_screen_row_position=\u00a0\u00bbmiddle\u00a0\u00bb scene_position=\u00a0\u00bbcenter\u00a0\u00bb text_color=\u00a0\u00bbdark\u00a0\u00bb text_align=\u00a0\u00bbleft\u00a0\u00bb overlay_strength=\u00a0\u00bb0.3&Prime;][vc_column column_padding=\u00a0\u00bbno-extra-padding\u00a0\u00bb column_padding_position=\u00a0\u00bball\u00a0\u00bb background_color_opacity=\u00a0\u00bb1&Prime; background_hover_color_opacity=\u00a0\u00bb1&Prime; column_shadow=\u00a0\u00bbnone\u00a0\u00bb tablet_text_alignment=\u00a0\u00bbdefault\u00a0\u00bb phone_text_alignment=\u00a0\u00bbdefault\u00a0\u00bb column_border_width=\u00a0\u00bbnone\u00a0\u00bb column_border_style=\u00a0\u00bbsolid\u00a0\u00bb][vc_gallery interval=\u00a0\u00bb3&Prime; images=\u00a0\u00bb136,134,133,135,138,131,132,137,130&Prime; img_size=\u00a0\u00bbfull\u00a0\u00bb][\/vc_column][\/vc_row]\n","protected":false},"excerpt":{"rendered":"<p>[vc_row type=\u00a0\u00bbin_container\u00a0\u00bb full_screen_row_position=\u00a0\u00bbmiddle\u00a0\u00bb scene_position=\u00a0\u00bbcenter\u00a0\u00bb text_color=\u00a0\u00bbdark\u00a0\u00bb text_align=\u00a0\u00bbleft\u00a0\u00bb overlay_strength=\u00a0\u00bb0.3&Prime;][vc_column column_padding=\u00a0\u00bbno-extra-padding\u00a0\u00bb column_padding_position=\u00a0\u00bball\u00a0\u00bb background_color_opacity=\u00a0\u00bb1&Prime; background_hover_color_opacity=\u00a0\u00bb1&Prime; column_shadow=\u00a0\u00bbnone\u00a0\u00bb tablet_text_alignment=\u00a0\u00bbdefault\u00a0\u00bb phone_text_alignment=\u00a0\u00bbdefault\u00a0\u00bb column_border_width=\u00a0\u00bbnone\u00a0\u00bb column_border_style=\u00a0\u00bbsolid\u00a0\u00bb][vc_custom_heading text=\u00a0\u00bbNos r\u00e9alisations\u00a0\u00bb font_container=\u00a0\u00bbtag:h1|font_size:30|text_align:left|color:%239cc33b\u00a0\u00bb use_theme_fonts=\u00a0\u00bbyes\u00a0\u00bb][\/vc_column][\/vc_row][vc_row type=\u00a0\u00bbin_container\u00a0\u00bb full_screen_row_position=\u00a0\u00bbmiddle\u00a0\u00bb scene_position=\u00a0\u00bbcenter\u00a0\u00bb text_color=\u00a0\u00bbdark\u00a0\u00bb text_align=\u00a0\u00bbleft\u00a0\u00bb overlay_strength=\u00a0\u00bb0.3&Prime;][vc_column column_padding=\u00a0\u00bbno-extra-padding\u00a0\u00bb column_padding_position=\u00a0\u00bball\u00a0\u00bb background_color_opacity=\u00a0\u00bb1&Prime; background_hover_color_opacity=\u00a0\u00bb1&Prime;&#8230;<\/p>\n","protected":false},"author":1,"featured_media":0,"parent":0,"menu_order":0,"comment_status":"closed","ping_status":"closed","template":"","meta":{"_mi_skip_tracking":false,"_monsterinsights_sitenote_active":false,"_monsterinsights_sitenote_note":"","_monsterinsights_sitenote_category":0},"yoast_head":"<!-- This site is optimized with the Yoast SEO plugin v20.10 - https:\/\/yoast.com\/wordpress\/plugins\/seo\/ -->\n<title>Nos r\u00e9alisations - Concept paysage du Revermont<\/title>\n<meta name=\"description\" content=\"Sp\u00e9cialiste de vos am\u00e9nagements et espaces ext\u00e9rieurs dans le Jura : all\u00e9es de jardin et de garage, am\u00e9nagement de cours, terrasse, pergola, et rev\u00eatements de sols .\" \/>\n<meta name=\"robots\" content=\"index, follow, max-snippet:-1, max-image-preview:large, max-video-preview:-1\" \/>\n<link rel=\"canonical\" href=\"https:\/\/conceptpaysagedurevermont.fr\/?page_id=13\" \/>\n<meta property=\"og:locale\" content=\"fr_FR\" \/>\n<meta property=\"og:type\" content=\"article\" \/>\n<meta property=\"og:title\" content=\"Nos r\u00e9alisations - Concept paysage du Revermont\" \/>\n<meta property=\"og:description\" content=\"Sp\u00e9cialiste de vos am\u00e9nagements et espaces ext\u00e9rieurs dans le Jura : all\u00e9es de jardin et de garage, am\u00e9nagement de cours, terrasse, pergola, et rev\u00eatements de sols .\" \/>\n<meta property=\"og:url\" content=\"https:\/\/conceptpaysagedurevermont.fr\/?page_id=13\" \/>\n<meta property=\"og:site_name\" content=\"Concept paysage du Revermont\" \/>\n<meta property=\"article:modified_time\" content=\"2020-02-21T06:18:19+00:00\" \/>\n<meta name=\"twitter:card\" content=\"summary_large_image\" \/>\n<meta name=\"twitter:label1\" content=\"Dur\u00e9e de lecture estim\u00e9e\" \/>\n\t<meta name=\"twitter:data1\" content=\"2 minutes\" \/>\n<script type=\"application\/ld+json\" class=\"yoast-schema-graph\">{\"@context\":\"https:\/\/schema.org\",\"@graph\":[{\"@type\":\"WebPage\",\"@id\":\"https:\/\/conceptpaysagedurevermont.fr\/?page_id=13\",\"url\":\"https:\/\/conceptpaysagedurevermont.fr\/?page_id=13\",\"name\":\"Nos r\u00e9alisations - Concept paysage du Revermont\",\"isPartOf\":{\"@id\":\"https:\/\/conceptpaysagedurevermont.fr\/#website\"},\"datePublished\":\"2018-01-11T16:39:55+00:00\",\"dateModified\":\"2020-02-21T06:18:19+00:00\",\"description\":\"Sp\u00e9cialiste de vos am\u00e9nagements et espaces ext\u00e9rieurs dans le Jura : all\u00e9es de jardin et de garage, am\u00e9nagement de cours, terrasse, pergola, et rev\u00eatements de sols .\",\"breadcrumb\":{\"@id\":\"https:\/\/conceptpaysagedurevermont.fr\/?page_id=13#breadcrumb\"},\"inLanguage\":\"fr-FR\",\"potentialAction\":[{\"@type\":\"ReadAction\",\"target\":[\"https:\/\/conceptpaysagedurevermont.fr\/?page_id=13\"]}]},{\"@type\":\"BreadcrumbList\",\"@id\":\"https:\/\/conceptpaysagedurevermont.fr\/?page_id=13#breadcrumb\",\"itemListElement\":[{\"@type\":\"ListItem\",\"position\":1,\"name\":\"Accueil\",\"item\":\"https:\/\/conceptpaysagedurevermont.fr\/\"},{\"@type\":\"ListItem\",\"position\":2,\"name\":\"Nos r\u00e9alisations\"}]},{\"@type\":\"WebSite\",\"@id\":\"https:\/\/conceptpaysagedurevermont.fr\/#website\",\"url\":\"https:\/\/conceptpaysagedurevermont.fr\/\",\"name\":\"Concept paysage du Revermont\",\"description\":\"Am\u00e9nagement ext\u00e9rieur\",\"potentialAction\":[{\"@type\":\"SearchAction\",\"target\":{\"@type\":\"EntryPoint\",\"urlTemplate\":\"https:\/\/conceptpaysagedurevermont.fr\/?s={search_term_string}\"},\"query-input\":\"required name=search_term_string\"}],\"inLanguage\":\"fr-FR\"}]}<\/script>\n<!-- \/ Yoast SEO plugin. -->","yoast_head_json":{"title":"Nos r\u00e9alisations - Concept paysage du Revermont","description":"Sp\u00e9cialiste de vos am\u00e9nagements et espaces ext\u00e9rieurs dans le Jura : all\u00e9es de jardin et de garage, am\u00e9nagement de cours, terrasse, pergola, et rev\u00eatements de sols .","robots":{"index":"index","follow":"follow","max-snippet":"max-snippet:-1","max-image-preview":"max-image-preview:large","max-video-preview":"max-video-preview:-1"},"canonical":"https:\/\/conceptpaysagedurevermont.fr\/?page_id=13","og_locale":"fr_FR","og_type":"article","og_title":"Nos r\u00e9alisations - Concept paysage du Revermont","og_description":"Sp\u00e9cialiste de vos am\u00e9nagements et espaces ext\u00e9rieurs dans le Jura : all\u00e9es de jardin et de garage, am\u00e9nagement de cours, terrasse, pergola, et rev\u00eatements de sols .","og_url":"https:\/\/conceptpaysagedurevermont.fr\/?page_id=13","og_site_name":"Concept paysage du Revermont","article_modified_time":"2020-02-21T06:18:19+00:00","twitter_card":"summary_large_image","twitter_misc":{"Dur\u00e9e de lecture estim\u00e9e":"2 minutes"},"schema":{"@context":"https:\/\/schema.org","@graph":[{"@type":"WebPage","@id":"https:\/\/conceptpaysagedurevermont.fr\/?page_id=13","url":"https:\/\/conceptpaysagedurevermont.fr\/?page_id=13","name":"Nos r\u00e9alisations - Concept paysage du Revermont","isPartOf":{"@id":"https:\/\/conceptpaysagedurevermont.fr\/#website"},"datePublished":"2018-01-11T16:39:55+00:00","dateModified":"2020-02-21T06:18:19+00:00","description":"Sp\u00e9cialiste de vos am\u00e9nagements et espaces ext\u00e9rieurs dans le Jura : all\u00e9es de jardin et de garage, am\u00e9nagement de cours, terrasse, pergola, et rev\u00eatements de sols .","breadcrumb":{"@id":"https:\/\/conceptpaysagedurevermont.fr\/?page_id=13#breadcrumb"},"inLanguage":"fr-FR","potentialAction":[{"@type":"ReadAction","target":["https:\/\/conceptpaysagedurevermont.fr\/?page_id=13"]}]},{"@type":"BreadcrumbList","@id":"https:\/\/conceptpaysagedurevermont.fr\/?page_id=13#breadcrumb","itemListElement":[{"@type":"ListItem","position":1,"name":"Accueil","item":"https:\/\/conceptpaysagedurevermont.fr\/"},{"@type":"ListItem","position":2,"name":"Nos r\u00e9alisations"}]},{"@type":"WebSite","@id":"https:\/\/conceptpaysagedurevermont.fr\/#website","url":"https:\/\/conceptpaysagedurevermont.fr\/","name":"Concept paysage du Revermont","description":"Am\u00e9nagement ext\u00e9rieur","potentialAction":[{"@type":"SearchAction","target":{"@type":"EntryPoint","urlTemplate":"https:\/\/conceptpaysagedurevermont.fr\/?s={search_term_string}"},"query-input":"required name=search_term_string"}],"inLanguage":"fr-FR"}]}},"_links":{"self":[{"href":"https:\/\/conceptpaysagedurevermont.fr\/index.php?rest_route=\/wp\/v2\/pages\/13"}],"collection":[{"href":"https:\/\/conceptpaysagedurevermont.fr\/index.php?rest_route=\/wp\/v2\/pages"}],"about":[{"href":"https:\/\/conceptpaysagedurevermont.fr\/index.php?rest_route=\/wp\/v2\/types\/page"}],"author":[{"embeddable":true,"href":"https:\/\/conceptpaysagedurevermont.fr\/index.php?rest_route=\/wp\/v2\/users\/1"}],"replies":[{"embeddable":true,"href":"https:\/\/conceptpaysagedurevermont.fr\/index.php?rest_route=%2Fwp%2Fv2%2Fcomments&post=13"}],"version-history":[{"count":13,"href":"https:\/\/conceptpaysagedurevermont.fr\/index.php?rest_route=\/wp\/v2\/pages\/13\/revisions"}],"predecessor-version":[{"id":172,"href":"https:\/\/conceptpaysagedurevermont.fr\/index.php?rest_route=\/wp\/v2\/pages\/13\/revisions\/172"}],"wp:attachment":[{"href":"https:\/\/conceptpaysagedurevermont.fr\/index.php?rest_route=%2Fwp%2Fv2%2Fmedia&parent=13"}],"curies":[{"name":"wp","href":"https:\/\/api.w.org\/{rel}","templated":true}]}}